{"id":52,"date":"2026-03-19T10:36:42","date_gmt":"2026-03-19T09:36:42","guid":{"rendered":"http:\/\/portfolio.lea.tison.mmi-velizy.fr\/wordpress-6.9.4-fr_FR\/wordpress\/?page_id=52"},"modified":"2026-03-30T10:20:40","modified_gmt":"2026-03-30T08:20:40","slug":"accueil","status":"publish","type":"page","link":"https:\/\/portfolio.lea.tison.mmi-velizy.fr\/wordpress-6.9.4-fr_FR\/wordpress\/","title":{"rendered":"Accueil"},"content":{"rendered":"\t\t<div data-elementor-type=\"wp-page\" data-elementor-id=\"52\" class=\"elementor elementor-52\">\n\t\t\t\t<div class=\"elementor-element elementor-element-1e9ebcca e-flex e-con-boxed e-con e-parent\" data-id=\"1e9ebcca\" data-element_type=\"container\" data-e-type=\"container\">\n\t\t\t\t\t<div class=\"e-con-inner\">\n\t\t\t\t<div class=\"elementor-element elementor-element-79b1f3d0 elementor-widget elementor-widget-text-editor\" data-id=\"79b1f3d0\" data-element_type=\"widget\" data-e-type=\"widget\" data-widget_type=\"text-editor.default\">\n\t\t\t\t\t\t\t\t\t\n<div class=\"wp-block-cover alignfull is-light hestia-clear-top-padding\"><span aria-hidden=\"true\" class=\"wp-block-cover__background has-white-background-color has-background-dim-100 has-background-dim\"><\/span>\n<div class=\"wp-block-cover__inner-container is-layout-flow wp-block-cover-is-layout-flow\">\n<h2 class=\"wp-block-heading has-text-align-center has-text-color\" style=\"color: #3c4858;\">On vous propose&#8230;<\/h2>\n\n<div style=\"height: 40px;\" aria-hidden=\"true\" class=\"wp-block-spacer\"><\/div>\n\n<div class=\"wp-block-columns container is-layout-flex wp-container-core-columns-is-layout-28f84493 wp-block-columns-is-layout-flex\">\n<div class=\"wp-block-column is-layout-flow wp-block-column-is-layout-flow\"><div class=\"wp-block-image\">\n<figure class=\"aligncenter size-large\"><img decoding=\"async\" src=\"http:\/\/portfolio.lea.tison.mmi-velizy.fr\/wordpress-6.9.4-fr_FR\/wordpress\/wp-content\/uploads\/2026\/03\/vector-star-icon-3461153001-removebg-preview-300x300.png\" alt=\"\" width=\"117\" height=\"117\" class=\"alignnone  wp-image-89\" srcset=\"https:\/\/portfolio.lea.tison.mmi-velizy.fr\/wordpress-6.9.4-fr_FR\/wordpress\/wp-content\/uploads\/2026\/03\/vector-star-icon-3461153001-removebg-preview-300x300.png 300w, https:\/\/portfolio.lea.tison.mmi-velizy.fr\/wordpress-6.9.4-fr_FR\/wordpress\/wp-content\/uploads\/2026\/03\/vector-star-icon-3461153001-removebg-preview-150x150.png 150w, https:\/\/portfolio.lea.tison.mmi-velizy.fr\/wordpress-6.9.4-fr_FR\/wordpress\/wp-content\/uploads\/2026\/03\/vector-star-icon-3461153001-removebg-preview.png 500w\" sizes=\"(max-width: 117px) 100vw, 117px\" \/><\/figure>\n<\/div>\n<h5 class=\"wp-block-heading has-text-align-center has-text-color\" style=\"color: #3c4858; font-size: 18px;\">Tendance<\/h5>\n\n<p class=\"has-text-align-center has-text-color\" style=\"color: #999999; font-size: 14px;\">D\u00e9couvrez les derni\u00e8res sorties<\/p>\n<p class=\"has-text-align-center has-text-color\" style=\"color: #999999; font-size: 14px;\">\u00e0 ne surtout pas louper !<\/p>\n\n<div style=\"height: 25px;\" aria-hidden=\"true\" class=\"wp-block-spacer\"><\/div>\n<\/div>\n\n<div class=\"wp-block-column is-layout-flow wp-block-column-is-layout-flow\"><div class=\"wp-block-image\">\n<figure class=\"aligncenter size-large\"><img decoding=\"async\" src=\"http:\/\/portfolio.lea.tison.mmi-velizy.fr\/wordpress-6.9.4-fr_FR\/wordpress\/wp-content\/uploads\/2026\/03\/black-white-line-art-illustration-600nw-2573580649-removebg-preview-300x269.png\" alt=\"\" width=\"135\" height=\"121\" class=\"alignnone  wp-image-91\" srcset=\"https:\/\/portfolio.lea.tison.mmi-velizy.fr\/wordpress-6.9.4-fr_FR\/wordpress\/wp-content\/uploads\/2026\/03\/black-white-line-art-illustration-600nw-2573580649-removebg-preview-300x269.png 300w, https:\/\/portfolio.lea.tison.mmi-velizy.fr\/wordpress-6.9.4-fr_FR\/wordpress\/wp-content\/uploads\/2026\/03\/black-white-line-art-illustration-600nw-2573580649-removebg-preview.png 528w\" sizes=\"(max-width: 135px) 100vw, 135px\" \/><\/figure>\n<\/div>\n<h5 class=\"wp-block-heading has-text-align-center has-text-color\" style=\"color: #3c4858; font-size: 18px;\">Culte<\/h5>\n\n<p class=\"has-text-align-center has-text-color\" style=\"color: #999999; font-size: 14px;\">(Re)d\u00e9couvrez les plus grands<\/p>\n<p class=\"has-text-align-center has-text-color\" style=\"color: #999999; font-size: 14px;\">classiques du cin\u00e9ma<\/p>\n\n<div style=\"height: 25px;\" aria-hidden=\"true\" class=\"wp-block-spacer\"><\/div>\n<\/div>\n\n<div class=\"wp-block-column is-layout-flow wp-block-column-is-layout-flow\"><div class=\"wp-block-image\">\n<figure class=\"aligncenter size-large\"><img decoding=\"async\" src=\"http:\/\/portfolio.lea.tison.mmi-velizy.fr\/wordpress-6.9.4-fr_FR\/wordpress\/wp-content\/uploads\/2026\/03\/stark-minimalist-illustration-eye-pupil-260nw-2731931711-removebg-preview-300x181.png\" alt=\"\" width=\"176\" height=\"107\" class=\"alignnone  wp-image-90\" srcset=\"https:\/\/portfolio.lea.tison.mmi-velizy.fr\/wordpress-6.9.4-fr_FR\/wordpress\/wp-content\/uploads\/2026\/03\/stark-minimalist-illustration-eye-pupil-260nw-2731931711-removebg-preview-300x181.png 300w, https:\/\/portfolio.lea.tison.mmi-velizy.fr\/wordpress-6.9.4-fr_FR\/wordpress\/wp-content\/uploads\/2026\/03\/stark-minimalist-illustration-eye-pupil-260nw-2731931711-removebg-preview.png 464w\" sizes=\"(max-width: 176px) 100vw, 176px\" \/><\/figure>\n<\/div>\n<h5 class=\"wp-block-heading has-text-align-center has-text-color\" style=\"color: #3c4858; font-size: 18px;\">A voir<\/h5>\n\n<p class=\"has-text-align-center has-text-color\" style=\"color: #999999; font-size: 14px;\">D\u00e9couvrez des films sortants de l&rsquo;ordinaire qui impressionneront vos poches lors du prochain diner<\/p>\n\n<div style=\"height: 25px;\" aria-hidden=\"true\" class=\"wp-block-spacer\"><\/div>\n<\/div>\n<\/div>\n\n<div style=\"height: 40px;\" aria-hidden=\"true\" class=\"wp-block-spacer\"><\/div>\n<\/div>\n<\/div>\n\n<div class=\"wp-block-columns container is-layout-flex wp-container-core-columns-is-layout-28f84493 wp-block-columns-is-layout-flex\">\n<div class=\"wp-block-column col-md-5 is-layout-flow wp-block-column-is-layout-flow\">\n<div style=\"height: 55px;\" aria-hidden=\"true\" class=\"wp-block-spacer\"><\/div>\n\n<h2 class=\"wp-block-heading\">newsletter<\/h2>\n\n<p>Connaitre les derni\u00e8res actualit\u00e9s de la pop culture cin\u00e9matographiques ?\u00a0<\/p>\n<p>Inscrivez vous !<\/p>\n<\/div>\n\n<div class=\"wp-block-column col-md-6 col-md-offset1 is-layout-flow wp-block-column-is-layout-flow\">\n<div style=\"height: 55px;\" aria-hidden=\"true\" class=\"wp-block-spacer\"><\/div>\n\n<figure class=\"wp-block-image size-large\"><img loading=\"lazy\" decoding=\"async\" src=\"http:\/\/portfolio.lea.tison.mmi-velizy.fr\/wordpress-6.9.4-fr_FR\/wordpress\/wp-content\/uploads\/2026\/03\/Compte_rendu_TP_Wordpress__3_-removebg-preview-212x300.png\" alt=\"\" width=\"110\" height=\"156\" class=\"alignnone  wp-image-106\" srcset=\"https:\/\/portfolio.lea.tison.mmi-velizy.fr\/wordpress-6.9.4-fr_FR\/wordpress\/wp-content\/uploads\/2026\/03\/Compte_rendu_TP_Wordpress__3_-removebg-preview-212x300.png 212w, https:\/\/portfolio.lea.tison.mmi-velizy.fr\/wordpress-6.9.4-fr_FR\/wordpress\/wp-content\/uploads\/2026\/03\/Compte_rendu_TP_Wordpress__3_-removebg-preview.png 420w\" sizes=\"(max-width: 110px) 100vw, 110px\" \/><img loading=\"lazy\" decoding=\"async\" src=\"http:\/\/portfolio.lea.tison.mmi-velizy.fr\/wordpress-6.9.4-fr_FR\/wordpress\/wp-content\/uploads\/2026\/03\/Compte_rendu_TP_Wordpress__2_-removebg-preview-212x300.png\" alt=\"\" width=\"120\" height=\"170\" class=\"alignnone  wp-image-105\" srcset=\"https:\/\/portfolio.lea.tison.mmi-velizy.fr\/wordpress-6.9.4-fr_FR\/wordpress\/wp-content\/uploads\/2026\/03\/Compte_rendu_TP_Wordpress__2_-removebg-preview-212x300.png 212w, https:\/\/portfolio.lea.tison.mmi-velizy.fr\/wordpress-6.9.4-fr_FR\/wordpress\/wp-content\/uploads\/2026\/03\/Compte_rendu_TP_Wordpress__2_-removebg-preview.png 420w\" sizes=\"(max-width: 120px) 100vw, 120px\" \/><\/figure>\n\n<p><\/p>\n<\/div>\n<\/div>\n\t\t\t\t\t\t\t\t<\/div>\n\t\t\t\t\t<\/div>\n\t\t\t\t<\/div>\n\t\t<div class=\"elementor-element elementor-element-2bed06d e-flex e-con-boxed e-con e-parent\" data-id=\"2bed06d\" data-element_type=\"container\" data-e-type=\"container\">\n\t\t\t\t\t<div class=\"e-con-inner\">\n\t\t\t\t<div class=\"elementor-element elementor-element-dc0f473 elementor-widget elementor-widget-wpforms\" data-id=\"dc0f473\" data-element_type=\"widget\" data-e-type=\"widget\" data-widget_type=\"wpforms.default\">\n\t\t\t\t<div class=\"elementor-widget-container\">\n\t\t\t\t\t<div class=\"wpforms-container wpforms-container-full\" id=\"wpforms-102\"><form id=\"wpforms-form-102\" class=\"wpforms-validate wpforms-form\" data-formid=\"102\" method=\"post\" enctype=\"multipart\/form-data\" action=\"\/wordpress-6.9.4-fr_FR\/wordpress\/wp-json\/wp\/v2\/pages\/52\" data-token=\"72ab94d05564d870c3513c24de49c243\" data-token-time=\"1778958866\"><noscript class=\"wpforms-error-noscript\">Veuillez activer JavaScript dans votre navigateur pour remplir ce formulaire.<\/noscript><div class=\"wpforms-field-container\"><div id=\"wpforms-102-field_0-container\" class=\"wpforms-field wpforms-field-name wpforms-one-half wpforms-first\" data-field-id=\"0\"><label class=\"wpforms-field-label wpforms-label-hide\" for=\"wpforms-102-field_0\">Name <span class=\"wpforms-required-label\">*<\/span><\/label><input type=\"text\" id=\"wpforms-102-field_0\" class=\"wpforms-field-large wpforms-field-required\" name=\"wpforms[fields][0]\" placeholder=\"Your Name\" required><\/div><div id=\"wpforms-102-field_3-container\" class=\"wpforms-field wpforms-field-email wpforms-one-half\" data-field-id=\"3\"><label class=\"wpforms-field-label wpforms-label-hide\" for=\"wpforms-102-field_3\">Email <span class=\"wpforms-required-label\">*<\/span><\/label><input type=\"email\" id=\"wpforms-102-field_3\" class=\"wpforms-field-large wpforms-field-required\" name=\"wpforms[fields][3]\" placeholder=\"Your Email\" spellcheck=\"false\" required><\/div><div id=\"wpforms-102-field_4-container\" class=\"wpforms-field wpforms-field-text\" data-field-id=\"4\"><label class=\"wpforms-field-label wpforms-label-hide\" for=\"wpforms-102-field_4\">Subject<\/label><input type=\"text\" id=\"wpforms-102-field_4\" class=\"wpforms-field-large\" name=\"wpforms[fields][4]\" placeholder=\"Subject\" ><\/div><div id=\"wpforms-102-field_2-container\" class=\"wpforms-field wpforms-field-textarea\" data-field-id=\"2\"><label class=\"wpforms-field-label wpforms-label-hide\" for=\"wpforms-102-field_2\">Message <span class=\"wpforms-required-label\">*<\/span><\/label><textarea id=\"wpforms-102-field_2\" class=\"wpforms-field-medium wpforms-field-required\" name=\"wpforms[fields][2]\" placeholder=\"Your Message\" required><\/textarea><\/div><\/div><!-- .wpforms-field-container --><div class=\"wpforms-submit-container\" ><input type=\"hidden\" name=\"wpforms[id]\" value=\"102\"><input type=\"hidden\" name=\"page_title\" value=\"\"><input type=\"hidden\" name=\"page_url\" value=\"https:\/\/portfolio.lea.tison.mmi-velizy.fr\/wordpress-6.9.4-fr_FR\/wordpress\/wp-json\/wp\/v2\/pages\/52\"><input type=\"hidden\" name=\"url_referer\" value=\"\"><button type=\"submit\" name=\"wpforms[submit]\" id=\"wpforms-submit-102\" class=\"wpforms-submit\" data-alt-text=\"Sending...\" data-submit-text=\"Send message\" aria-live=\"assertive\" value=\"wpforms-submit\">Send message<\/button><\/div><\/form><\/div>  <!-- .wpforms-container -->\t\t\t\t<\/div>\n\t\t\t\t<\/div>\n\t\t\t\t\t<\/div>\n\t\t\t\t<\/div>\n\t\t\t\t<\/div>\n\t\t","protected":false},"excerpt":{"rendered":"<p>newsletter Connaitre les derni\u00e8res actualit\u00e9s de la pop culture cin\u00e9matographiques ?\u00a0 Inscrivez vous ! Veuillez activer JavaScript dans votre navigateur pour remplir ce formulaire.Name *Email *SubjectMessage * Send message<\/p>\n","protected":false},"author":1,"featured_media":84,"parent":0,"menu_order":0,"comment_status":"closed","ping_status":"closed","template":"","meta":{"footnotes":""},"class_list":["post-52","page","type-page","status-publish","has-post-thumbnail","hentry"],"yoast_head":"<!-- This site is optimized with the Yoast SEO plugin v27.2 - https:\/\/yoast.com\/product\/yoast-seo-wordpress\/ -->\n<title>Accueil - Fantastique<\/title>\n<meta name=\"robots\" content=\"index, follow, max-snippet:-1, max-image-preview:large, max-video-preview:-1\" \/>\n<link rel=\"canonical\" href=\"https:\/\/portfolio.lea.tison.mmi-velizy.fr\/wordpress-6.9.4-fr_FR\/wordpress\/\" \/>\n<meta property=\"og:locale\" content=\"fr_FR\" \/>\n<meta property=\"og:type\" content=\"article\" \/>\n<meta property=\"og:title\" content=\"Accueil - Fantastique\" \/>\n<meta property=\"og:description\" content=\"newsletter Connaitre les derni\u00e8res actualit\u00e9s de la pop culture cin\u00e9matographiques ?\u00a0 Inscrivez vous ! Veuillez activer JavaScript dans votre navigateur pour remplir ce formulaire.Name *Email *SubjectMessage * Send message\" \/>\n<meta property=\"og:url\" content=\"https:\/\/portfolio.lea.tison.mmi-velizy.fr\/wordpress-6.9.4-fr_FR\/wordpress\/\" \/>\n<meta property=\"og:site_name\" content=\"Fantastique\" \/>\n<meta property=\"article:modified_time\" content=\"2026-03-30T08:20:40+00:00\" \/>\n<meta property=\"og:image\" content=\"https:\/\/portfolio.lea.tison.mmi-velizy.fr\/wordpress-6.9.4-fr_FR\/wordpress\/wp-content\/uploads\/2026\/03\/thumb-1920-489827-2151999088-1024x576.png\" \/>\n\t<meta property=\"og:image:width\" content=\"1024\" \/>\n\t<meta property=\"og:image:height\" content=\"576\" \/>\n\t<meta property=\"og:image:type\" content=\"image\/png\" \/>\n<meta name=\"twitter:card\" content=\"summary_large_image\" \/>\n<meta name=\"twitter:label1\" content=\"Dur\u00e9e de lecture estim\u00e9e\" \/>\n\t<meta name=\"twitter:data1\" content=\"1 minute\" \/>\n<script type=\"application\/ld+json\" class=\"yoast-schema-graph\">{\"@context\":\"https:\/\/schema.org\",\"@graph\":[{\"@type\":\"WebPage\",\"@id\":\"https:\/\/portfolio.lea.tison.mmi-velizy.fr\/wordpress-6.9.4-fr_FR\/wordpress\/\",\"url\":\"https:\/\/portfolio.lea.tison.mmi-velizy.fr\/wordpress-6.9.4-fr_FR\/wordpress\/\",\"name\":\"Accueil - Fantastique\",\"isPartOf\":{\"@id\":\"https:\/\/portfolio.lea.tison.mmi-velizy.fr\/wordpress-6.9.4-fr_FR\/wordpress\/#website\"},\"primaryImageOfPage\":{\"@id\":\"https:\/\/portfolio.lea.tison.mmi-velizy.fr\/wordpress-6.9.4-fr_FR\/wordpress\/#primaryimage\"},\"image\":{\"@id\":\"https:\/\/portfolio.lea.tison.mmi-velizy.fr\/wordpress-6.9.4-fr_FR\/wordpress\/#primaryimage\"},\"thumbnailUrl\":\"https:\/\/portfolio.lea.tison.mmi-velizy.fr\/wordpress-6.9.4-fr_FR\/wordpress\/wp-content\/uploads\/2026\/03\/thumb-1920-489827-2151999088.png\",\"datePublished\":\"2026-03-19T09:36:42+00:00\",\"dateModified\":\"2026-03-30T08:20:40+00:00\",\"breadcrumb\":{\"@id\":\"https:\/\/portfolio.lea.tison.mmi-velizy.fr\/wordpress-6.9.4-fr_FR\/wordpress\/#breadcrumb\"},\"inLanguage\":\"fr-FR\",\"potentialAction\":[{\"@type\":\"ReadAction\",\"target\":[\"https:\/\/portfolio.lea.tison.mmi-velizy.fr\/wordpress-6.9.4-fr_FR\/wordpress\/\"]}]},{\"@type\":\"ImageObject\",\"inLanguage\":\"fr-FR\",\"@id\":\"https:\/\/portfolio.lea.tison.mmi-velizy.fr\/wordpress-6.9.4-fr_FR\/wordpress\/#primaryimage\",\"url\":\"https:\/\/portfolio.lea.tison.mmi-velizy.fr\/wordpress-6.9.4-fr_FR\/wordpress\/wp-content\/uploads\/2026\/03\/thumb-1920-489827-2151999088.png\",\"contentUrl\":\"https:\/\/portfolio.lea.tison.mmi-velizy.fr\/wordpress-6.9.4-fr_FR\/wordpress\/wp-content\/uploads\/2026\/03\/thumb-1920-489827-2151999088.png\",\"width\":1920,\"height\":1080},{\"@type\":\"BreadcrumbList\",\"@id\":\"https:\/\/portfolio.lea.tison.mmi-velizy.fr\/wordpress-6.9.4-fr_FR\/wordpress\/#breadcrumb\",\"itemListElement\":[{\"@type\":\"ListItem\",\"position\":1,\"name\":\"Accueil\",\"item\":\"https:\/\/portfolio.lea.tison.mmi-velizy.fr\/wordpress-6.9.4-fr_FR\/wordpress\/\"},{\"@type\":\"ListItem\",\"position\":2,\"name\":\"Accueil\"}]},{\"@type\":\"WebSite\",\"@id\":\"https:\/\/portfolio.lea.tison.mmi-velizy.fr\/wordpress-6.9.4-fr_FR\/wordpress\/#website\",\"url\":\"https:\/\/portfolio.lea.tison.mmi-velizy.fr\/wordpress-6.9.4-fr_FR\/wordpress\/\",\"name\":\"Fantastique\",\"description\":\"\",\"publisher\":{\"@id\":\"https:\/\/portfolio.lea.tison.mmi-velizy.fr\/wordpress-6.9.4-fr_FR\/wordpress\/#organization\"},\"potentialAction\":[{\"@type\":\"SearchAction\",\"target\":{\"@type\":\"EntryPoint\",\"urlTemplate\":\"https:\/\/portfolio.lea.tison.mmi-velizy.fr\/wordpress-6.9.4-fr_FR\/wordpress\/?s={search_term_string}\"},\"query-input\":{\"@type\":\"PropertyValueSpecification\",\"valueRequired\":true,\"valueName\":\"search_term_string\"}}],\"inLanguage\":\"fr-FR\"},{\"@type\":\"Organization\",\"@id\":\"https:\/\/portfolio.lea.tison.mmi-velizy.fr\/wordpress-6.9.4-fr_FR\/wordpress\/#organization\",\"name\":\"Fantastique\",\"url\":\"https:\/\/portfolio.lea.tison.mmi-velizy.fr\/wordpress-6.9.4-fr_FR\/wordpress\/\",\"logo\":{\"@type\":\"ImageObject\",\"inLanguage\":\"fr-FR\",\"@id\":\"https:\/\/portfolio.lea.tison.mmi-velizy.fr\/wordpress-6.9.4-fr_FR\/wordpress\/#\/schema\/logo\/image\/\",\"url\":\"https:\/\/portfolio.lea.tison.mmi-velizy.fr\/wordpress-6.9.4-fr_FR\/wordpress\/wp-content\/uploads\/2026\/03\/cropped-OIP-532455717-removebg-preview.png\",\"contentUrl\":\"https:\/\/portfolio.lea.tison.mmi-velizy.fr\/wordpress-6.9.4-fr_FR\/wordpress\/wp-content\/uploads\/2026\/03\/cropped-OIP-532455717-removebg-preview.png\",\"width\":264,\"height\":282,\"caption\":\"Fantastique\"},\"image\":{\"@id\":\"https:\/\/portfolio.lea.tison.mmi-velizy.fr\/wordpress-6.9.4-fr_FR\/wordpress\/#\/schema\/logo\/image\/\"}}]}<\/script>\n<!-- \/ Yoast SEO plugin. -->","yoast_head_json":{"title":"Accueil - Fantastique","robots":{"index":"index","follow":"follow","max-snippet":"max-snippet:-1","max-image-preview":"max-image-preview:large","max-video-preview":"max-video-preview:-1"},"canonical":"https:\/\/portfolio.lea.tison.mmi-velizy.fr\/wordpress-6.9.4-fr_FR\/wordpress\/","og_locale":"fr_FR","og_type":"article","og_title":"Accueil - Fantastique","og_description":"newsletter Connaitre les derni\u00e8res actualit\u00e9s de la pop culture cin\u00e9matographiques ?\u00a0 Inscrivez vous ! Veuillez activer JavaScript dans votre navigateur pour remplir ce formulaire.Name *Email *SubjectMessage * Send message","og_url":"https:\/\/portfolio.lea.tison.mmi-velizy.fr\/wordpress-6.9.4-fr_FR\/wordpress\/","og_site_name":"Fantastique","article_modified_time":"2026-03-30T08:20:40+00:00","og_image":[{"width":1024,"height":576,"url":"https:\/\/portfolio.lea.tison.mmi-velizy.fr\/wordpress-6.9.4-fr_FR\/wordpress\/wp-content\/uploads\/2026\/03\/thumb-1920-489827-2151999088-1024x576.png","type":"image\/png"}],"twitter_card":"summary_large_image","twitter_misc":{"Dur\u00e9e de lecture estim\u00e9e":"1 minute"},"schema":{"@context":"https:\/\/schema.org","@graph":[{"@type":"WebPage","@id":"https:\/\/portfolio.lea.tison.mmi-velizy.fr\/wordpress-6.9.4-fr_FR\/wordpress\/","url":"https:\/\/portfolio.lea.tison.mmi-velizy.fr\/wordpress-6.9.4-fr_FR\/wordpress\/","name":"Accueil - Fantastique","isPartOf":{"@id":"https:\/\/portfolio.lea.tison.mmi-velizy.fr\/wordpress-6.9.4-fr_FR\/wordpress\/#website"},"primaryImageOfPage":{"@id":"https:\/\/portfolio.lea.tison.mmi-velizy.fr\/wordpress-6.9.4-fr_FR\/wordpress\/#primaryimage"},"image":{"@id":"https:\/\/portfolio.lea.tison.mmi-velizy.fr\/wordpress-6.9.4-fr_FR\/wordpress\/#primaryimage"},"thumbnailUrl":"https:\/\/portfolio.lea.tison.mmi-velizy.fr\/wordpress-6.9.4-fr_FR\/wordpress\/wp-content\/uploads\/2026\/03\/thumb-1920-489827-2151999088.png","datePublished":"2026-03-19T09:36:42+00:00","dateModified":"2026-03-30T08:20:40+00:00","breadcrumb":{"@id":"https:\/\/portfolio.lea.tison.mmi-velizy.fr\/wordpress-6.9.4-fr_FR\/wordpress\/#breadcrumb"},"inLanguage":"fr-FR","potentialAction":[{"@type":"ReadAction","target":["https:\/\/portfolio.lea.tison.mmi-velizy.fr\/wordpress-6.9.4-fr_FR\/wordpress\/"]}]},{"@type":"ImageObject","inLanguage":"fr-FR","@id":"https:\/\/portfolio.lea.tison.mmi-velizy.fr\/wordpress-6.9.4-fr_FR\/wordpress\/#primaryimage","url":"https:\/\/portfolio.lea.tison.mmi-velizy.fr\/wordpress-6.9.4-fr_FR\/wordpress\/wp-content\/uploads\/2026\/03\/thumb-1920-489827-2151999088.png","contentUrl":"https:\/\/portfolio.lea.tison.mmi-velizy.fr\/wordpress-6.9.4-fr_FR\/wordpress\/wp-content\/uploads\/2026\/03\/thumb-1920-489827-2151999088.png","width":1920,"height":1080},{"@type":"BreadcrumbList","@id":"https:\/\/portfolio.lea.tison.mmi-velizy.fr\/wordpress-6.9.4-fr_FR\/wordpress\/#breadcrumb","itemListElement":[{"@type":"ListItem","position":1,"name":"Accueil","item":"https:\/\/portfolio.lea.tison.mmi-velizy.fr\/wordpress-6.9.4-fr_FR\/wordpress\/"},{"@type":"ListItem","position":2,"name":"Accueil"}]},{"@type":"WebSite","@id":"https:\/\/portfolio.lea.tison.mmi-velizy.fr\/wordpress-6.9.4-fr_FR\/wordpress\/#website","url":"https:\/\/portfolio.lea.tison.mmi-velizy.fr\/wordpress-6.9.4-fr_FR\/wordpress\/","name":"Fantastique","description":"","publisher":{"@id":"https:\/\/portfolio.lea.tison.mmi-velizy.fr\/wordpress-6.9.4-fr_FR\/wordpress\/#organization"},"potentialAction":[{"@type":"SearchAction","target":{"@type":"EntryPoint","urlTemplate":"https:\/\/portfolio.lea.tison.mmi-velizy.fr\/wordpress-6.9.4-fr_FR\/wordpress\/?s={search_term_string}"},"query-input":{"@type":"PropertyValueSpecification","valueRequired":true,"valueName":"search_term_string"}}],"inLanguage":"fr-FR"},{"@type":"Organization","@id":"https:\/\/portfolio.lea.tison.mmi-velizy.fr\/wordpress-6.9.4-fr_FR\/wordpress\/#organization","name":"Fantastique","url":"https:\/\/portfolio.lea.tison.mmi-velizy.fr\/wordpress-6.9.4-fr_FR\/wordpress\/","logo":{"@type":"ImageObject","inLanguage":"fr-FR","@id":"https:\/\/portfolio.lea.tison.mmi-velizy.fr\/wordpress-6.9.4-fr_FR\/wordpress\/#\/schema\/logo\/image\/","url":"https:\/\/portfolio.lea.tison.mmi-velizy.fr\/wordpress-6.9.4-fr_FR\/wordpress\/wp-content\/uploads\/2026\/03\/cropped-OIP-532455717-removebg-preview.png","contentUrl":"https:\/\/portfolio.lea.tison.mmi-velizy.fr\/wordpress-6.9.4-fr_FR\/wordpress\/wp-content\/uploads\/2026\/03\/cropped-OIP-532455717-removebg-preview.png","width":264,"height":282,"caption":"Fantastique"},"image":{"@id":"https:\/\/portfolio.lea.tison.mmi-velizy.fr\/wordpress-6.9.4-fr_FR\/wordpress\/#\/schema\/logo\/image\/"}}]}},"_links":{"self":[{"href":"https:\/\/portfolio.lea.tison.mmi-velizy.fr\/wordpress-6.9.4-fr_FR\/wordpress\/wp-json\/wp\/v2\/pages\/52","targetHints":{"allow":["GET"]}}],"collection":[{"href":"https:\/\/portfolio.lea.tison.mmi-velizy.fr\/wordpress-6.9.4-fr_FR\/wordpress\/wp-json\/wp\/v2\/pages"}],"about":[{"href":"https:\/\/portfolio.lea.tison.mmi-velizy.fr\/wordpress-6.9.4-fr_FR\/wordpress\/wp-json\/wp\/v2\/types\/page"}],"author":[{"embeddable":true,"href":"https:\/\/portfolio.lea.tison.mmi-velizy.fr\/wordpress-6.9.4-fr_FR\/wordpress\/wp-json\/wp\/v2\/users\/1"}],"replies":[{"embeddable":true,"href":"https:\/\/portfolio.lea.tison.mmi-velizy.fr\/wordpress-6.9.4-fr_FR\/wordpress\/wp-json\/wp\/v2\/comments?post=52"}],"version-history":[{"count":14,"href":"https:\/\/portfolio.lea.tison.mmi-velizy.fr\/wordpress-6.9.4-fr_FR\/wordpress\/wp-json\/wp\/v2\/pages\/52\/revisions"}],"predecessor-version":[{"id":123,"href":"https:\/\/portfolio.lea.tison.mmi-velizy.fr\/wordpress-6.9.4-fr_FR\/wordpress\/wp-json\/wp\/v2\/pages\/52\/revisions\/123"}],"wp:featuredmedia":[{"embeddable":true,"href":"https:\/\/portfolio.lea.tison.mmi-velizy.fr\/wordpress-6.9.4-fr_FR\/wordpress\/wp-json\/wp\/v2\/media\/84"}],"wp:attachment":[{"href":"https:\/\/portfolio.lea.tison.mmi-velizy.fr\/wordpress-6.9.4-fr_FR\/wordpress\/wp-json\/wp\/v2\/media?parent=52"}],"curies":[{"name":"wp","href":"https:\/\/api.w.org\/{rel}","templated":true}]}}